{"id":11,"date":"2023-10-24T15:53:58","date_gmt":"2023-10-24T15:53:58","guid":{"rendered":"https:\/\/web4.rkinformatika.net\/perilan\/?page_id=11"},"modified":"2025-01-04T19:13:02","modified_gmt":"2025-01-04T19:13:02","slug":"servicios-urgentes","status":"publish","type":"page","link":"https:\/\/perilan.com\/eus\/servicios-urgentes\/","title":{"rendered":"Servicios Urgentes"},"content":{"rendered":"<div data-elementor-type=\"wp-page\" data-elementor-id=\"11\" class=\"elementor elementor-11\" data-elementor-post-type=\"page\">\n\t\t\t\t<div class=\"elementor-element elementor-element-c601907 e-flex e-con-boxed elementor-invisible e-con e-parent\" data-id=\"c601907\" data-element_type=\"container\" data-e-type=\"container\" data-settings=\"{&quot;animation&quot;:&quot;fadeInDown&quot;,&quot;animation_tablet&quot;:&quot;fadeInDown&quot;,&quot;animation_mobile&quot;:&quot;fadeInDown&quot;}\">\n\t\t\t\t\t<div class=\"e-con-inner\">\n\t\t\t\t<div class=\"elementor-element elementor-element-f6365b3 elementor-widget elementor-widget-heading\" data-id=\"f6365b3\" data-element_type=\"widget\" data-e-type=\"widget\" data-widget_type=\"heading.default\">\n\t\t\t\t<div class=\"elementor-widget-container\">\n\t\t\t\t\t<h2 class=\"elementor-heading-title elementor-size-default\">Servicio urgente de mecanizado<\/h2>\t\t\t\t<\/div>\n\t\t\t\t<\/div>\n\t\t\t\t<div class=\"elementor-element elementor-element-869e7d6 elementor-widget elementor-widget-text-editor\" data-id=\"869e7d6\" data-element_type=\"widget\" data-e-type=\"widget\" data-widget_type=\"text-editor.default\">\n\t\t\t\t<div class=\"elementor-widget-container\">\n\t\t\t\t\t\t\t\t\t<p>La eficiencia de nuestro equipo profesional y los a\u00f1os de experiencia como taller auxiliar de mecanizado hace que nos adaptemos a cada proyecto de manera personalizada.<\/p>\n<p>Ponemos a tu disposici\u00f3n un <span style=\"color: #e4a446;\"><b>servicio de mecanizado CNC de urgencia<\/b><\/span> para la producci\u00f3n de <span style=\"color: #e4a446;\"><strong><\/strong><b>series cortas o piezas unitarias<\/b><\/span>. Nuestro objetivo es dar soluci\u00f3n a proyectos y producir piezas en tiempos ajustados a las necesidades de tu empresa.<\/p>\t\t\t\t\t\t\t\t<\/div>\n\t\t\t\t<\/div>\n\t\t\t\t\t<\/div>\n\t\t\t\t<\/div>\n\t\t<div class=\"elementor-element elementor-element-425e783 e-flex e-con-boxed elementor-invisible e-con e-parent\" data-id=\"425e783\" data-element_type=\"container\" data-e-type=\"container\" data-settings=\"{&quot;animation&quot;:&quot;fadeInUp&quot;,&quot;animation_tablet&quot;:&quot;fadeInUp&quot;,&quot;animation_mobile&quot;:&quot;fadeInUp&quot;}\">\n\t\t\t\t\t<div class=\"e-con-inner\">\n\t\t\t\t<div class=\"elementor-element elementor-element-42c5f1b elementor-widget elementor-widget-image\" data-id=\"42c5f1b\" data-element_type=\"widget\" data-e-type=\"widget\" data-widget_type=\"image.default\">\n\t\t\t\t<div class=\"elementor-widget-container\">\n\t\t\t\t\t\t\t\t\t\t\t\t\t\t\t<img fetchpriority=\"high\" decoding=\"async\" width=\"800\" height=\"342\" src=\"https:\/\/perilan.com\/wp-content\/uploads\/2023\/10\/PAGINA2-1024x438.jpg\" class=\"attachment-large size-large wp-image-163\" alt=\"\" srcset=\"https:\/\/perilan.com\/wp-content\/uploads\/2023\/10\/PAGINA2-1024x438.jpg 1024w, https:\/\/perilan.com\/wp-content\/uploads\/2023\/10\/PAGINA2-300x128.jpg 300w, https:\/\/perilan.com\/wp-content\/uploads\/2023\/10\/PAGINA2-768x328.jpg 768w, https:\/\/perilan.com\/wp-content\/uploads\/2023\/10\/PAGINA2-18x8.jpg 18w, https:\/\/perilan.com\/wp-content\/uploads\/2023\/10\/PAGINA2.jpg 1170w\" sizes=\"(max-width: 800px) 100vw, 800px\" \/>\t\t\t\t\t\t\t\t\t\t\t\t\t\t\t<\/div>\n\t\t\t\t<\/div>\n\t\t\t\t\t<\/div>\n\t\t\t\t<\/div>\n\t\t\t\t<\/div>","protected":false},"excerpt":{"rendered":"<p>Servicio urgente de mecanizado La eficiencia de nuestro equipo profesional y los a\u00f1os de experiencia como taller auxiliar de mecanizado hace que nos adaptemos a cada proyecto de manera personalizada. Ponemos a tu disposici\u00f3n un servicio de mecanizado CNC de urgencia para la producci\u00f3n de series cortas o piezas unitarias. Nuestro objetivo es dar soluci\u00f3n [&hellip;]<\/p>\n","protected":false},"author":1,"featured_media":0,"parent":0,"menu_order":0,"comment_status":"closed","ping_status":"closed","template":"elementor_canvas","meta":{"footnotes":""},"class_list":["post-11","page","type-page","status-publish","hentry"],"yoast_head":"<!-- This site is optimized with the Yoast SEO plugin v27.3 - https:\/\/yoast.com\/product\/yoast-seo-wordpress\/ -->\n<title>Servicios Urgentes de mecanizado de piezas en Gipuzkoa Zarautz<\/title>\n<meta name=\"description\" content=\"Ponemos a tu disposici\u00f3n un servicio de mecanizado CNC de urgencia para la producci\u00f3n de series cortas o piezas unitarias.\" \/>\n<meta name=\"robots\" content=\"index, follow, max-snippet:-1, max-image-preview:large, max-video-preview:-1\" \/>\n<link rel=\"canonical\" href=\"https:\/\/perilan.com\/eus\/servicios-urgentes\/\" \/>\n<meta property=\"og:locale\" content=\"en_US\" \/>\n<meta property=\"og:type\" content=\"article\" \/>\n<meta property=\"og:title\" content=\"Servicios Urgentes de mecanizado de piezas en Gipuzkoa Zarautz\" \/>\n<meta property=\"og:description\" content=\"Ponemos a tu disposici\u00f3n un servicio de mecanizado CNC de urgencia para la producci\u00f3n de series cortas o piezas unitarias.\" \/>\n<meta property=\"og:url\" content=\"https:\/\/perilan.com\/eus\/servicios-urgentes\/\" \/>\n<meta property=\"og:site_name\" content=\"Perilan World\" \/>\n<meta property=\"article:modified_time\" content=\"2025-01-04T19:13:02+00:00\" \/>\n<meta property=\"og:image\" content=\"https:\/\/perilan.com\/wp-content\/uploads\/2023\/10\/PAGINA2-1024x438.jpg\" \/>\n<meta name=\"twitter:card\" content=\"summary_large_image\" \/>\n<meta name=\"twitter:label1\" content=\"Est. reading time\" \/>\n\t<meta name=\"twitter:data1\" content=\"1 minutua\" \/>\n<script type=\"application\/ld+json\" class=\"yoast-schema-graph\">{\"@context\":\"https:\\\/\\\/schema.org\",\"@graph\":[{\"@type\":\"WebPage\",\"@id\":\"https:\\\/\\\/perilan.com\\\/servicios-urgentes\\\/\",\"url\":\"https:\\\/\\\/perilan.com\\\/servicios-urgentes\\\/\",\"name\":\"Servicios Urgentes de mecanizado de piezas en Gipuzkoa Zarautz\",\"isPartOf\":{\"@id\":\"https:\\\/\\\/perilan.com\\\/#website\"},\"primaryImageOfPage\":{\"@id\":\"https:\\\/\\\/perilan.com\\\/servicios-urgentes\\\/#primaryimage\"},\"image\":{\"@id\":\"https:\\\/\\\/perilan.com\\\/servicios-urgentes\\\/#primaryimage\"},\"thumbnailUrl\":\"https:\\\/\\\/perilan.com\\\/wp-content\\\/uploads\\\/2023\\\/10\\\/PAGINA2-1024x438.jpg\",\"datePublished\":\"2023-10-24T15:53:58+00:00\",\"dateModified\":\"2025-01-04T19:13:02+00:00\",\"description\":\"Ponemos a tu disposici\u00f3n un servicio de mecanizado CNC de urgencia para la producci\u00f3n de series cortas o piezas unitarias.\",\"breadcrumb\":{\"@id\":\"https:\\\/\\\/perilan.com\\\/servicios-urgentes\\\/#breadcrumb\"},\"inLanguage\":\"eu\",\"potentialAction\":[{\"@type\":\"ReadAction\",\"target\":[\"https:\\\/\\\/perilan.com\\\/servicios-urgentes\\\/\"]}]},{\"@type\":\"ImageObject\",\"inLanguage\":\"eu\",\"@id\":\"https:\\\/\\\/perilan.com\\\/servicios-urgentes\\\/#primaryimage\",\"url\":\"https:\\\/\\\/perilan.com\\\/wp-content\\\/uploads\\\/2023\\\/10\\\/PAGINA2-1024x438.jpg\",\"contentUrl\":\"https:\\\/\\\/perilan.com\\\/wp-content\\\/uploads\\\/2023\\\/10\\\/PAGINA2-1024x438.jpg\"},{\"@type\":\"BreadcrumbList\",\"@id\":\"https:\\\/\\\/perilan.com\\\/servicios-urgentes\\\/#breadcrumb\",\"itemListElement\":[{\"@type\":\"ListItem\",\"position\":1,\"name\":\"Portada\",\"item\":\"https:\\\/\\\/perilan.com\\\/\"},{\"@type\":\"ListItem\",\"position\":2,\"name\":\"Servicios Urgentes\"}]},{\"@type\":\"WebSite\",\"@id\":\"https:\\\/\\\/perilan.com\\\/#website\",\"url\":\"https:\\\/\\\/perilan.com\\\/\",\"name\":\"Perilan World\",\"description\":\"Perilan World\",\"publisher\":{\"@id\":\"https:\\\/\\\/perilan.com\\\/#organization\"},\"potentialAction\":[{\"@type\":\"SearchAction\",\"target\":{\"@type\":\"EntryPoint\",\"urlTemplate\":\"https:\\\/\\\/perilan.com\\\/?s={search_term_string}\"},\"query-input\":{\"@type\":\"PropertyValueSpecification\",\"valueRequired\":true,\"valueName\":\"search_term_string\"}}],\"inLanguage\":\"eu\"},{\"@type\":\"Organization\",\"@id\":\"https:\\\/\\\/perilan.com\\\/#organization\",\"name\":\"Perilan World\",\"url\":\"https:\\\/\\\/perilan.com\\\/\",\"logo\":{\"@type\":\"ImageObject\",\"inLanguage\":\"eu\",\"@id\":\"https:\\\/\\\/perilan.com\\\/#\\\/schema\\\/logo\\\/image\\\/\",\"url\":\"https:\\\/\\\/perilan.com\\\/wp-content\\\/uploads\\\/2023\\\/10\\\/cropped-Captura-de-pantalla-de-2023-10-24-17-25-35.png\",\"contentUrl\":\"https:\\\/\\\/perilan.com\\\/wp-content\\\/uploads\\\/2023\\\/10\\\/cropped-Captura-de-pantalla-de-2023-10-24-17-25-35.png\",\"width\":185,\"height\":116,\"caption\":\"Perilan World\"},\"image\":{\"@id\":\"https:\\\/\\\/perilan.com\\\/#\\\/schema\\\/logo\\\/image\\\/\"}}]}<\/script>\n<!-- \/ Yoast SEO plugin. -->","yoast_head_json":{"title":"Servicios Urgentes de mecanizado de piezas en Gipuzkoa Zarautz","description":"Ponemos a tu disposici\u00f3n un servicio de mecanizado CNC de urgencia para la producci\u00f3n de series cortas o piezas unitarias.","robots":{"index":"index","follow":"follow","max-snippet":"max-snippet:-1","max-image-preview":"max-image-preview:large","max-video-preview":"max-video-preview:-1"},"canonical":"https:\/\/perilan.com\/eus\/servicios-urgentes\/","og_locale":"en_US","og_type":"article","og_title":"Servicios Urgentes de mecanizado de piezas en Gipuzkoa Zarautz","og_description":"Ponemos a tu disposici\u00f3n un servicio de mecanizado CNC de urgencia para la producci\u00f3n de series cortas o piezas unitarias.","og_url":"https:\/\/perilan.com\/eus\/servicios-urgentes\/","og_site_name":"Perilan World","article_modified_time":"2025-01-04T19:13:02+00:00","og_image":[{"url":"https:\/\/perilan.com\/wp-content\/uploads\/2023\/10\/PAGINA2-1024x438.jpg","type":"","width":"","height":""}],"twitter_card":"summary_large_image","twitter_misc":{"Est. reading time":"1 minutua"},"schema":{"@context":"https:\/\/schema.org","@graph":[{"@type":"WebPage","@id":"https:\/\/perilan.com\/servicios-urgentes\/","url":"https:\/\/perilan.com\/servicios-urgentes\/","name":"Servicios Urgentes de mecanizado de piezas en Gipuzkoa Zarautz","isPartOf":{"@id":"https:\/\/perilan.com\/#website"},"primaryImageOfPage":{"@id":"https:\/\/perilan.com\/servicios-urgentes\/#primaryimage"},"image":{"@id":"https:\/\/perilan.com\/servicios-urgentes\/#primaryimage"},"thumbnailUrl":"https:\/\/perilan.com\/wp-content\/uploads\/2023\/10\/PAGINA2-1024x438.jpg","datePublished":"2023-10-24T15:53:58+00:00","dateModified":"2025-01-04T19:13:02+00:00","description":"Ponemos a tu disposici\u00f3n un servicio de mecanizado CNC de urgencia para la producci\u00f3n de series cortas o piezas unitarias.","breadcrumb":{"@id":"https:\/\/perilan.com\/servicios-urgentes\/#breadcrumb"},"inLanguage":"eu","potentialAction":[{"@type":"ReadAction","target":["https:\/\/perilan.com\/servicios-urgentes\/"]}]},{"@type":"ImageObject","inLanguage":"eu","@id":"https:\/\/perilan.com\/servicios-urgentes\/#primaryimage","url":"https:\/\/perilan.com\/wp-content\/uploads\/2023\/10\/PAGINA2-1024x438.jpg","contentUrl":"https:\/\/perilan.com\/wp-content\/uploads\/2023\/10\/PAGINA2-1024x438.jpg"},{"@type":"BreadcrumbList","@id":"https:\/\/perilan.com\/servicios-urgentes\/#breadcrumb","itemListElement":[{"@type":"ListItem","position":1,"name":"Portada","item":"https:\/\/perilan.com\/"},{"@type":"ListItem","position":2,"name":"Servicios Urgentes"}]},{"@type":"WebSite","@id":"https:\/\/perilan.com\/#website","url":"https:\/\/perilan.com\/","name":"Perilan World","description":"Perilan World","publisher":{"@id":"https:\/\/perilan.com\/#organization"},"potentialAction":[{"@type":"SearchAction","target":{"@type":"EntryPoint","urlTemplate":"https:\/\/perilan.com\/?s={search_term_string}"},"query-input":{"@type":"PropertyValueSpecification","valueRequired":true,"valueName":"search_term_string"}}],"inLanguage":"eu"},{"@type":"Organization","@id":"https:\/\/perilan.com\/#organization","name":"Perilan World","url":"https:\/\/perilan.com\/","logo":{"@type":"ImageObject","inLanguage":"eu","@id":"https:\/\/perilan.com\/#\/schema\/logo\/image\/","url":"https:\/\/perilan.com\/wp-content\/uploads\/2023\/10\/cropped-Captura-de-pantalla-de-2023-10-24-17-25-35.png","contentUrl":"https:\/\/perilan.com\/wp-content\/uploads\/2023\/10\/cropped-Captura-de-pantalla-de-2023-10-24-17-25-35.png","width":185,"height":116,"caption":"Perilan World"},"image":{"@id":"https:\/\/perilan.com\/#\/schema\/logo\/image\/"}}]}},"_links":{"self":[{"href":"https:\/\/perilan.com\/eus\/wp-json\/wp\/v2\/pages\/11","targetHints":{"allow":["GET"]}}],"collection":[{"href":"https:\/\/perilan.com\/eus\/wp-json\/wp\/v2\/pages"}],"about":[{"href":"https:\/\/perilan.com\/eus\/wp-json\/wp\/v2\/types\/page"}],"author":[{"embeddable":true,"href":"https:\/\/perilan.com\/eus\/wp-json\/wp\/v2\/users\/1"}],"replies":[{"embeddable":true,"href":"https:\/\/perilan.com\/eus\/wp-json\/wp\/v2\/comments?post=11"}],"version-history":[{"count":1,"href":"https:\/\/perilan.com\/eus\/wp-json\/wp\/v2\/pages\/11\/revisions"}],"predecessor-version":[{"id":451,"href":"https:\/\/perilan.com\/eus\/wp-json\/wp\/v2\/pages\/11\/revisions\/451"}],"wp:attachment":[{"href":"https:\/\/perilan.com\/eus\/wp-json\/wp\/v2\/media?parent=11"}],"curies":[{"name":"wp","href":"https:\/\/api.w.org\/{rel}","templated":true}]}}